{"id":36,"date":"2016-04-16T10:31:43","date_gmt":"2016-04-16T10:31:43","guid":{"rendered":"http:\/\/lynxsi.fr\/?page_id=36"},"modified":"2025-02-21T15:42:26","modified_gmt":"2025-02-21T15:42:26","slug":"accueil","status":"publish","type":"page","link":"https:\/\/www.lynxsi.fr\/","title":{"rendered":"Accueil"},"content":{"rendered":"<div id=\"pl-36\"  class=\"panel-layout\" ><div id=\"pg-36-0\"  class=\"panel-grid panel-no-style\" ><div id=\"pgc-36-0-0\"  class=\"panel-grid-cell\" ><div id=\"panel-36-0-0-0\" class=\"so-panel widget widget_black-studio-tinymce widget_black_studio_tinymce panel-first-child panel-last-child\" data-index=\"0\" ><div class=\"textwidget\"><p style=\"text-align: center;\"><span class=\"acceuil-intro\">Notre engagement \u00e0 mettre le syst\u00e8me d'information au service de votre d\u00e9veloppement repose sur un id\u00e9e simple : le cot\u00e9 num\u00e9rique de l'entreprise est trop important pour le laisser \u00e0 la merci de la technique informatique<\/span><\/p>\n<\/div><\/div><\/div><\/div><div id=\"pg-36-1\"  class=\"panel-grid panel-has-style\" ><div class=\"siteorigin-panels-stretch panel-row-style panel-row-style-for-36-1\" data-stretch-type=\"full\" ><div id=\"pgc-36-1-0\"  class=\"panel-grid-cell\" ><div id=\"panel-36-1-0-0\" class=\"so-panel widget widget_black-studio-tinymce widget_black_studio_tinymce panel-first-child panel-last-child\" data-index=\"1\" ><div class=\"panel-widget-style panel-widget-style-for-36-1-0-0\" ><div class=\"textwidget\"><p><span class=\"\" style=\"display:block;clear:both;height: 0px;padding-top: 300px;border-top-width:0px;border-bottom-width:0px;\"><\/span><br \/>\n<span class=\"accueil-sous-titre\" style=\"color: #ffffff;\">Accompagner c'est \u00eatre avec vous, vous aider \u00e0 prendre les d\u00e9cisions et faire la route \u00e0 vos c\u00f4t\u00e9s<\/span><\/p>\n<\/div><\/div><\/div><\/div><\/div><\/div><div id=\"pg-36-2\"  class=\"panel-grid panel-no-style\" ><div id=\"pgc-36-2-0\"  class=\"panel-grid-cell\" ><div id=\"panel-36-2-0-0\" class=\"so-panel widget widget_black-studio-tinymce widget_black_studio_tinymce panel-first-child panel-last-child\" data-index=\"2\" ><div class=\"textwidget\"><p><figure id=\"attachment_117\" aria-describedby=\"caption-attachment-117\" style=\"width: 273px\" class=\"wp-caption aligncenter\"><img fetchpriority=\"high\" decoding=\"async\" class=\"wp-image-117\" src=\"http:\/\/www.lynxsi.fr\/wp-content\/uploads\/2016\/04\/photo-1416339684178-3a239570f315-300x225.jpeg\" width=\"273\" height=\"205\" srcset=\"https:\/\/www.lynxsi.fr\/wp-content\/uploads\/2016\/04\/photo-1416339684178-3a239570f315-300x225.jpeg 300w, https:\/\/www.lynxsi.fr\/wp-content\/uploads\/2016\/04\/photo-1416339684178-3a239570f315-768x576.jpeg 768w, https:\/\/www.lynxsi.fr\/wp-content\/uploads\/2016\/04\/photo-1416339684178-3a239570f315-1024x768.jpeg 1024w\" sizes=\"(max-width: 273px) 100vw, 273px\" \/><figcaption id=\"caption-attachment-117\" class=\"wp-caption-text\">L'audit informatique doit vous permettre de d\u00e9finir la feuille de route pour les ann\u00e9es \u00e0 venir<\/figcaption><\/figure><\/p>\n<p style=\"text-align: center;\"><a class=\"button primary-button\" href=\"\/index.php\/auditer\">auditer<\/a><\/p>\n<\/div><\/div><\/div><div id=\"pgc-36-2-1\"  class=\"panel-grid-cell\" ><div id=\"panel-36-2-1-0\" class=\"so-panel widget widget_black-studio-tinymce widget_black_studio_tinymce panel-first-child panel-last-child\" data-index=\"3\" ><div class=\"textwidget\"><p><figure id=\"attachment_98\" aria-describedby=\"caption-attachment-98\" style=\"width: 300px\" class=\"wp-caption aligncenter\"><img decoding=\"async\" class=\"size-medium wp-image-98\" src=\"http:\/\/www.lynxsi.fr\/wp-content\/uploads\/2016\/04\/photo-1455297463052-94abc38ba022-300x203.jpeg\" alt=\"Le meilleur logiciel pour une entreprise est celui qui est adapt\u00e9 \u00e0 l'organisation et param\u00e9tr\u00e9 en cons\u00e9quence\" width=\"300\" height=\"203\" srcset=\"https:\/\/www.lynxsi.fr\/wp-content\/uploads\/2016\/04\/photo-1455297463052-94abc38ba022-300x203.jpeg 300w, https:\/\/www.lynxsi.fr\/wp-content\/uploads\/2016\/04\/photo-1455297463052-94abc38ba022-768x519.jpeg 768w, https:\/\/www.lynxsi.fr\/wp-content\/uploads\/2016\/04\/photo-1455297463052-94abc38ba022-1024x692.jpeg 1024w\" sizes=\"(max-width: 300px) 100vw, 300px\" \/><figcaption id=\"caption-attachment-98\" class=\"wp-caption-text\">Le meilleur logiciel pour une entreprise est celui qui est adapt\u00e9 \u00e0 l'organisation et param\u00e9tr\u00e9 en cons\u00e9quence<\/figcaption><\/figure><\/p>\n<p style=\"text-align: center;\"><a class=\"button primary-button\" href=\"\/index.php\/changer\">changer<\/a><\/p>\n<\/div><\/div><\/div><div id=\"pgc-36-2-2\"  class=\"panel-grid-cell\" ><div id=\"panel-36-2-2-0\" class=\"so-panel widget widget_black-studio-tinymce widget_black_studio_tinymce panel-first-child panel-last-child\" data-index=\"4\" ><div class=\"textwidget\"><p><figure id=\"attachment_113\" aria-describedby=\"caption-attachment-113\" style=\"width: 313px\" class=\"wp-caption aligncenter\"><img decoding=\"async\" class=\"wp-image-113\" src=\"http:\/\/www.lynxsi.fr\/wp-content\/uploads\/2016\/04\/photo-1427751840561-9852520f8ce8-300x199.jpeg\" alt=\"Un objectif majeur du syst\u00e8me d'information est d'apporter une r\u00e9elle capacit\u00e9 \u00e0 prendre des d\u00e9cisions en connaissance des enjeux \" width=\"313\" height=\"207\" srcset=\"https:\/\/www.lynxsi.fr\/wp-content\/uploads\/2016\/04\/photo-1427751840561-9852520f8ce8-300x199.jpeg 300w, https:\/\/www.lynxsi.fr\/wp-content\/uploads\/2016\/04\/photo-1427751840561-9852520f8ce8-768x509.jpeg 768w, https:\/\/www.lynxsi.fr\/wp-content\/uploads\/2016\/04\/photo-1427751840561-9852520f8ce8-1024x678.jpeg 1024w\" sizes=\"(max-width: 313px) 100vw, 313px\" \/><figcaption id=\"caption-attachment-113\" class=\"wp-caption-text\">Objectif majeur du SI : apporter une r\u00e9elle capacit\u00e9 \u00e0 prendre des d\u00e9cisions en connaissance des enjeux<\/figcaption><\/figure><\/p>\n<p style=\"text-align: center;\"><a class=\"button primary-button\" href=\"\/index.php\/piloter\">piloter<\/a><\/p>\n<\/div><\/div><\/div><\/div><\/div>","protected":false},"excerpt":{"rendered":"<p>Notre engagement \u00e0 mettre le syst\u00e8me d&rsquo;information au service de votre d\u00e9veloppement repose sur un id\u00e9e simple : le cot\u00e9 num\u00e9rique de l&rsquo;entreprise est trop important pour le laisser \u00e0 la merci de la technique informatique Accompagner c&rsquo;est \u00eatre avec vous, vous aider \u00e0 prendre les d\u00e9cisions et faire la route \u00e0 vos c\u00f4t\u00e9s<\/p>\n","protected":false},"author":1,"featured_media":0,"parent":0,"menu_order":0,"comment_status":"closed","ping_status":"closed","template":"","meta":{"_swt_meta_header_display":false,"_swt_meta_footer_display":false,"_swt_meta_site_title_display":false,"_swt_meta_sticky_header":false,"_swt_meta_transparent_header":false,"footnotes":""},"class_list":["post-36","page","type-page","status-publish","hentry"],"_links":{"self":[{"href":"https:\/\/www.lynxsi.fr\/index.php\/wp-json\/wp\/v2\/pages\/36","targetHints":{"allow":["GET"]}}],"collection":[{"href":"https:\/\/www.lynxsi.fr\/index.php\/wp-json\/wp\/v2\/pages"}],"about":[{"href":"https:\/\/www.lynxsi.fr\/index.php\/wp-json\/wp\/v2\/types\/page"}],"author":[{"embeddable":true,"href":"https:\/\/www.lynxsi.fr\/index.php\/wp-json\/wp\/v2\/users\/1"}],"replies":[{"embeddable":true,"href":"https:\/\/www.lynxsi.fr\/index.php\/wp-json\/wp\/v2\/comments?post=36"}],"version-history":[{"count":80,"href":"https:\/\/www.lynxsi.fr\/index.php\/wp-json\/wp\/v2\/pages\/36\/revisions"}],"predecessor-version":[{"id":636,"href":"https:\/\/www.lynxsi.fr\/index.php\/wp-json\/wp\/v2\/pages\/36\/revisions\/636"}],"wp:attachment":[{"href":"https:\/\/www.lynxsi.fr\/index.php\/wp-json\/wp\/v2\/media?parent=36"}],"curies":[{"name":"wp","href":"https:\/\/api.w.org\/{rel}","templated":true}]}}